{"id":940,"date":"2016-09-28T20:17:02","date_gmt":"2016-09-28T20:17:02","guid":{"rendered":"http:\/\/conchipcanarias.com\/?page_id=940"},"modified":"2025-08-28T12:29:36","modified_gmt":"2025-08-28T12:29:36","slug":"dorsal-chip","status":"publish","type":"page","link":"https:\/\/conchipcanarias.com\/?page_id=940","title":{"rendered":"Dorsal &#8211; Chip"},"content":{"rendered":"<p>Si el cronometraje se hace a trav\u00e9s del sistema de Dorsal-Chip. Habr\u00e1 un peque\u00f1o dispositivo pegado en tu dorsal que se activa autom\u00e1ticamente al cruzar la l\u00ednea de salida, y que no debe separase del mismo.<\/p>\n\n\t\t<style type=\"text\/css\">\n\t\t\t#gallery-2 {\n\t\t\t\tmargin: auto;\n\t\t\t}\n\t\t\t#gallery-2 .gallery-item {\n\t\t\t\tfloat: left;\n\t\t\t\tmargin-top: 10px;\n\t\t\t\ttext-align: center;\n\t\t\t\twidth: 50%;\n\t\t\t}\n\t\t\t#gallery-2 img {\n\t\t\t\tborder: 2px solid #cfcfcf;\n\t\t\t}\n\t\t\t#gallery-2 .gallery-caption {\n\t\t\t\tmargin-left: 0;\n\t\t\t}\n\t\t\t\/* see gallery_shortcode() in wp-includes\/media.php *\/\n\t\t<\/style>\n\t\t<div id='gallery-2' class='gallery galleryid-940 gallery-columns-2 gallery-size-medium'><dl class='gallery-item'>\n\t\t\t<dt class='gallery-icon landscape'>\n\t\t\t\t<img loading=\"lazy\" decoding=\"async\" width=\"300\" height=\"260\" src=\"https:\/\/conchipcanarias.com\/wp-content\/uploads\/2016\/09\/Dorsal-chip1-300x260.jpg\" class=\"attachment-medium size-medium\" alt=\"\" aria-describedby=\"gallery-2-941\" srcset=\"https:\/\/conchipcanarias.com\/wp-content\/uploads\/2016\/09\/Dorsal-chip1-300x260.jpg 300w, https:\/\/conchipcanarias.com\/wp-content\/uploads\/2016\/09\/Dorsal-chip1.jpg 600w\" sizes=\"auto, (max-width: 300px) 100vw, 300px\" \/>\n\t\t\t<\/dt>\n\t\t\t\t<dd class='wp-caption-text gallery-caption' id='gallery-2-941'>\n\t\t\t\tVista frontal\n\t\t\t\t<\/dd><\/dl><dl class='gallery-item'>\n\t\t\t<dt class='gallery-icon landscape'>\n\t\t\t\t<img loading=\"lazy\" decoding=\"async\" width=\"300\" height=\"260\" src=\"https:\/\/conchipcanarias.com\/wp-content\/uploads\/2016\/09\/Dorsal-chip2-300x260.jpg\" class=\"attachment-medium size-medium\" alt=\"\" aria-describedby=\"gallery-2-942\" srcset=\"https:\/\/conchipcanarias.com\/wp-content\/uploads\/2016\/09\/Dorsal-chip2-300x260.jpg 300w, https:\/\/conchipcanarias.com\/wp-content\/uploads\/2016\/09\/Dorsal-chip2.jpg 600w\" sizes=\"auto, (max-width: 300px) 100vw, 300px\" \/>\n\t\t\t<\/dt>\n\t\t\t\t<dd class='wp-caption-text gallery-caption' id='gallery-2-942'>\n\t\t\t\tVista trasera\n\t\t\t\t<\/dd><\/dl><br style=\"clear: both\" \/>\n\t\t<\/div>\n\n<p>Si se te olvida el dorsal, no podr\u00e1s participar en la prueba ni acceder a los servicios ofrecidos a los corredores en la prueba.<\/p>\n","protected":false},"excerpt":{"rendered":"<p>Si el cronometraje se hace a trav\u00e9s del sistema de Dorsal-Chip. Habr\u00e1 un peque\u00f1o dispositivo pegado en tu dorsal que se activa autom\u00e1ticamente al cruzar la l\u00ednea de salida, y que no debe separase del mismo. Si se te olvida el dorsal, no podr\u00e1s participar en la prueba ni acceder a los servicios ofrecidos a &hellip; <\/p>\n<p><a class=\"more-link btn\" href=\"https:\/\/conchipcanarias.com\/?page_id=940\">Seguir leyendo<\/a><\/p>\n","protected":false},"author":1,"featured_media":0,"parent":0,"menu_order":7,"comment_status":"closed","ping_status":"closed","template":"","meta":{"footnotes":""},"class_list":["post-940","page","type-page","status-publish","hentry","nodate","item-wrap"],"yoast_head":"<!-- This site is optimized with the Yoast SEO plugin v27.3 - https:\/\/yoast.com\/product\/yoast-seo-wordpress\/ -->\n<title>Dorsal - Chip - Conchip Canarias S.L<\/title>\n<meta name=\"robots\" content=\"index, follow, max-snippet:-1, max-image-preview:large, max-video-preview:-1\" \/>\n<link rel=\"canonical\" href=\"https:\/\/conchipcanarias.com\/?page_id=940\" \/>\n<meta property=\"og:locale\" content=\"es_ES\" \/>\n<meta property=\"og:type\" content=\"article\" \/>\n<meta property=\"og:title\" content=\"Dorsal - Chip - Conchip Canarias S.L\" \/>\n<meta property=\"og:description\" content=\"Si el cronometraje se hace a trav\u00e9s del sistema de Dorsal-Chip. Habr\u00e1 un peque\u00f1o dispositivo pegado en tu dorsal que se activa autom\u00e1ticamente al cruzar la l\u00ednea de salida, y que no debe separase del mismo. Si se te olvida el dorsal, no podr\u00e1s participar en la prueba ni acceder a los servicios ofrecidos a &hellip; Seguir leyendo\" \/>\n<meta property=\"og:url\" content=\"https:\/\/conchipcanarias.com\/?page_id=940\" \/>\n<meta property=\"og:site_name\" content=\"Conchip Canarias S.L\" \/>\n<meta property=\"article:modified_time\" content=\"2025-08-28T12:29:36+00:00\" \/>\n<meta property=\"og:image\" content=\"https:\/\/conchipcanarias.com\/wp-content\/uploads\/2016\/09\/Dorsal-chip1-300x260.jpg\" \/>\n<meta name=\"twitter:card\" content=\"summary_large_image\" \/>\n<meta name=\"twitter:label1\" content=\"Tiempo de lectura\" \/>\n\t<meta name=\"twitter:data1\" content=\"1 minuto\" \/>\n<script type=\"application\/ld+json\" class=\"yoast-schema-graph\">{\"@context\":\"https:\\\/\\\/schema.org\",\"@graph\":[{\"@type\":\"WebPage\",\"@id\":\"https:\\\/\\\/conchipcanarias.com\\\/?page_id=940\",\"url\":\"https:\\\/\\\/conchipcanarias.com\\\/?page_id=940\",\"name\":\"Dorsal - Chip - Conchip Canarias S.L\",\"isPartOf\":{\"@id\":\"https:\\\/\\\/conchipcanarias.com\\\/#website\"},\"datePublished\":\"2016-09-28T20:17:02+00:00\",\"dateModified\":\"2025-08-28T12:29:36+00:00\",\"breadcrumb\":{\"@id\":\"https:\\\/\\\/conchipcanarias.com\\\/?page_id=940#breadcrumb\"},\"inLanguage\":\"es\",\"potentialAction\":[{\"@type\":\"ReadAction\",\"target\":[\"https:\\\/\\\/conchipcanarias.com\\\/?page_id=940\"]}]},{\"@type\":\"BreadcrumbList\",\"@id\":\"https:\\\/\\\/conchipcanarias.com\\\/?page_id=940#breadcrumb\",\"itemListElement\":[{\"@type\":\"ListItem\",\"position\":1,\"name\":\"Portada\",\"item\":\"https:\\\/\\\/conchipcanarias.com\\\/\"},{\"@type\":\"ListItem\",\"position\":2,\"name\":\"Dorsal &#8211; Chip\"}]},{\"@type\":\"WebSite\",\"@id\":\"https:\\\/\\\/conchipcanarias.com\\\/#website\",\"url\":\"https:\\\/\\\/conchipcanarias.com\\\/\",\"name\":\"Conchip Canarias S.L\",\"description\":\"Cronometraje y organizaci&oacute;n de eventos deportivos\",\"publisher\":{\"@id\":\"https:\\\/\\\/conchipcanarias.com\\\/#organization\"},\"potentialAction\":[{\"@type\":\"SearchAction\",\"target\":{\"@type\":\"EntryPoint\",\"urlTemplate\":\"https:\\\/\\\/conchipcanarias.com\\\/?s={search_term_string}\"},\"query-input\":{\"@type\":\"PropertyValueSpecification\",\"valueRequired\":true,\"valueName\":\"search_term_string\"}}],\"inLanguage\":\"es\"},{\"@type\":\"Organization\",\"@id\":\"https:\\\/\\\/conchipcanarias.com\\\/#organization\",\"name\":\"Conchip Canarias S.L.\",\"url\":\"https:\\\/\\\/conchipcanarias.com\\\/\",\"logo\":{\"@type\":\"ImageObject\",\"inLanguage\":\"es\",\"@id\":\"https:\\\/\\\/conchipcanarias.com\\\/#\\\/schema\\\/logo\\\/image\\\/\",\"url\":\"http:\\\/\\\/conchipcanarias.com\\\/wp-content\\\/uploads\\\/2016\\\/07\\\/logo1.png\",\"contentUrl\":\"http:\\\/\\\/conchipcanarias.com\\\/wp-content\\\/uploads\\\/2016\\\/07\\\/logo1.png\",\"width\":255,\"height\":255,\"caption\":\"Conchip Canarias S.L.\"},\"image\":{\"@id\":\"https:\\\/\\\/conchipcanarias.com\\\/#\\\/schema\\\/logo\\\/image\\\/\"}}]}<\/script>\n<!-- \/ Yoast SEO plugin. -->","yoast_head_json":{"title":"Dorsal - Chip - Conchip Canarias S.L","robots":{"index":"index","follow":"follow","max-snippet":"max-snippet:-1","max-image-preview":"max-image-preview:large","max-video-preview":"max-video-preview:-1"},"canonical":"https:\/\/conchipcanarias.com\/?page_id=940","og_locale":"es_ES","og_type":"article","og_title":"Dorsal - Chip - Conchip Canarias S.L","og_description":"Si el cronometraje se hace a trav\u00e9s del sistema de Dorsal-Chip. Habr\u00e1 un peque\u00f1o dispositivo pegado en tu dorsal que se activa autom\u00e1ticamente al cruzar la l\u00ednea de salida, y que no debe separase del mismo. Si se te olvida el dorsal, no podr\u00e1s participar en la prueba ni acceder a los servicios ofrecidos a &hellip; Seguir leyendo","og_url":"https:\/\/conchipcanarias.com\/?page_id=940","og_site_name":"Conchip Canarias S.L","article_modified_time":"2025-08-28T12:29:36+00:00","og_image":[{"url":"https:\/\/conchipcanarias.com\/wp-content\/uploads\/2016\/09\/Dorsal-chip1-300x260.jpg","type":"","width":"","height":""}],"twitter_card":"summary_large_image","twitter_misc":{"Tiempo de lectura":"1 minuto"},"schema":{"@context":"https:\/\/schema.org","@graph":[{"@type":"WebPage","@id":"https:\/\/conchipcanarias.com\/?page_id=940","url":"https:\/\/conchipcanarias.com\/?page_id=940","name":"Dorsal - Chip - Conchip Canarias S.L","isPartOf":{"@id":"https:\/\/conchipcanarias.com\/#website"},"datePublished":"2016-09-28T20:17:02+00:00","dateModified":"2025-08-28T12:29:36+00:00","breadcrumb":{"@id":"https:\/\/conchipcanarias.com\/?page_id=940#breadcrumb"},"inLanguage":"es","potentialAction":[{"@type":"ReadAction","target":["https:\/\/conchipcanarias.com\/?page_id=940"]}]},{"@type":"BreadcrumbList","@id":"https:\/\/conchipcanarias.com\/?page_id=940#breadcrumb","itemListElement":[{"@type":"ListItem","position":1,"name":"Portada","item":"https:\/\/conchipcanarias.com\/"},{"@type":"ListItem","position":2,"name":"Dorsal &#8211; Chip"}]},{"@type":"WebSite","@id":"https:\/\/conchipcanarias.com\/#website","url":"https:\/\/conchipcanarias.com\/","name":"Conchip Canarias S.L","description":"Cronometraje y organizaci&oacute;n de eventos deportivos","publisher":{"@id":"https:\/\/conchipcanarias.com\/#organization"},"potentialAction":[{"@type":"SearchAction","target":{"@type":"EntryPoint","urlTemplate":"https:\/\/conchipcanarias.com\/?s={search_term_string}"},"query-input":{"@type":"PropertyValueSpecification","valueRequired":true,"valueName":"search_term_string"}}],"inLanguage":"es"},{"@type":"Organization","@id":"https:\/\/conchipcanarias.com\/#organization","name":"Conchip Canarias S.L.","url":"https:\/\/conchipcanarias.com\/","logo":{"@type":"ImageObject","inLanguage":"es","@id":"https:\/\/conchipcanarias.com\/#\/schema\/logo\/image\/","url":"http:\/\/conchipcanarias.com\/wp-content\/uploads\/2016\/07\/logo1.png","contentUrl":"http:\/\/conchipcanarias.com\/wp-content\/uploads\/2016\/07\/logo1.png","width":255,"height":255,"caption":"Conchip Canarias S.L."},"image":{"@id":"https:\/\/conchipcanarias.com\/#\/schema\/logo\/image\/"}}]}},"_links":{"self":[{"href":"https:\/\/conchipcanarias.com\/index.php?rest_route=\/wp\/v2\/pages\/940","targetHints":{"allow":["GET"]}}],"collection":[{"href":"https:\/\/conchipcanarias.com\/index.php?rest_route=\/wp\/v2\/pages"}],"about":[{"href":"https:\/\/conchipcanarias.com\/index.php?rest_route=\/wp\/v2\/types\/page"}],"author":[{"embeddable":true,"href":"https:\/\/conchipcanarias.com\/index.php?rest_route=\/wp\/v2\/users\/1"}],"replies":[{"embeddable":true,"href":"https:\/\/conchipcanarias.com\/index.php?rest_route=%2Fwp%2Fv2%2Fcomments&post=940"}],"version-history":[{"count":3,"href":"https:\/\/conchipcanarias.com\/index.php?rest_route=\/wp\/v2\/pages\/940\/revisions"}],"predecessor-version":[{"id":945,"href":"https:\/\/conchipcanarias.com\/index.php?rest_route=\/wp\/v2\/pages\/940\/revisions\/945"}],"wp:attachment":[{"href":"https:\/\/conchipcanarias.com\/index.php?rest_route=%2Fwp%2Fv2%2Fmedia&parent=940"}],"curies":[{"name":"wp","href":"https:\/\/api.w.org\/{rel}","templated":true}]}}