{"id":2,"date":"2016-07-21T03:34:15","date_gmt":"2016-07-21T03:34:15","guid":{"rendered":"http:\/\/conchipcanarias.com\/?page_id=2"},"modified":"2025-08-28T12:30:39","modified_gmt":"2025-08-28T12:30:39","slug":"about","status":"publish","type":"page","link":"https:\/\/conchipcanarias.com\/?page_id=2","title":{"rendered":"Servicios"},"content":{"rendered":"<h4><strong>\u00bfQu\u00e9 es ConChip?<\/strong><br \/>\nLa empresa Conchip es especialista en cronometrar eventos deportivos, entre ellos destacamos: Media Marat\u00f3n, Marat\u00f3n, Carreras Populares, Cross, Campo a Trav\u00e9s, Carreras de Monta\u00f1a, Acuatl\u00f3n, Duatl\u00f3n, Triatl\u00f3n, Marchas MTB,BTT Etc&#8230;<\/h4>\n<h4>Tecnolog\u00eda propia dise\u00f1ada por ConChip para dar respuesta, r\u00e1pida, fiable y eficaz, tanto al organizador como al deportista utilizando las tecnolog\u00edas m\u00e1s avanzadas en el campo del cronometraje.<\/h4>\n<h4>Servicios que ofrecemos al organizador:<\/h4>\n<hr \/>\n\n<hr \/>\n<h4>Nuestra experiencia nos avala con m\u00e1s de 800 pruebas cronometradas en menos de tres a\u00f1os y medio, te invito a que nos conozcas mejor entrando en nuestra web oficial, www.conchip.es<\/h4>\n<h4>No lo dudes, pide tu presupuesto sin compromiso, estamos a tu disposici\u00f3n.<br \/>\nsanchis@conchipcanarias.com | canarias@conxip.com | <a href=\"https:\/\/conchipcanarias.com\/?page_id=141\">Contacto<\/a><\/h4>\n","protected":false},"excerpt":{"rendered":"<p>\u00bfQu\u00e9 es ConChip? La empresa Conchip es especialista en cronometrar eventos deportivos, entre ellos destacamos: Media Marat\u00f3n, Marat\u00f3n, Carreras Populares, Cross, Campo a Trav\u00e9s, Carreras de Monta\u00f1a, Acuatl\u00f3n, Duatl\u00f3n, Triatl\u00f3n, Marchas MTB,BTT Etc&#8230; Tecnolog\u00eda propia dise\u00f1ada por ConChip para dar respuesta, r\u00e1pida, fiable y eficaz, tanto al organizador como al deportista utilizando las tecnolog\u00edas m\u00e1s &hellip; <\/p>\n<p><a class=\"more-link btn\" href=\"https:\/\/conchipcanarias.com\/?page_id=2\">Seguir leyendo<\/a><\/p>\n","protected":false},"author":1,"featured_media":0,"parent":0,"menu_order":14,"comment_status":"open","ping_status":"open","template":"template-onecolumn.php","meta":{"footnotes":""},"class_list":["post-2","page","type-page","status-publish","hentry","nodate","item-wrap"],"yoast_head":"<!-- This site is optimized with the Yoast SEO plugin v27.5 - https:\/\/yoast.com\/product\/yoast-seo-wordpress\/ -->\n<title>Servicios - Conchip Canarias S.L<\/title>\n<meta name=\"robots\" content=\"index, follow, max-snippet:-1, max-image-preview:large, max-video-preview:-1\" \/>\n<link rel=\"canonical\" href=\"https:\/\/conchipcanarias.com\/?page_id=2\" \/>\n<meta property=\"og:locale\" content=\"es_ES\" \/>\n<meta property=\"og:type\" content=\"article\" \/>\n<meta property=\"og:title\" content=\"Servicios - Conchip Canarias S.L\" \/>\n<meta property=\"og:description\" content=\"\u00bfQu\u00e9 es ConChip? La empresa Conchip es especialista en cronometrar eventos deportivos, entre ellos destacamos: Media Marat\u00f3n, Marat\u00f3n, Carreras Populares, Cross, Campo a Trav\u00e9s, Carreras de Monta\u00f1a, Acuatl\u00f3n, Duatl\u00f3n, Triatl\u00f3n, Marchas MTB,BTT Etc&#8230; Tecnolog\u00eda propia dise\u00f1ada por ConChip para dar respuesta, r\u00e1pida, fiable y eficaz, tanto al organizador como al deportista utilizando las tecnolog\u00edas m\u00e1s &hellip; Seguir leyendo\" \/>\n<meta property=\"og:url\" content=\"https:\/\/conchipcanarias.com\/?page_id=2\" \/>\n<meta property=\"og:site_name\" content=\"Conchip Canarias S.L\" \/>\n<meta property=\"article:modified_time\" content=\"2025-08-28T12:30:39+00:00\" \/>\n<meta name=\"twitter:card\" content=\"summary_large_image\" \/>\n<meta name=\"twitter:label1\" content=\"Tiempo de lectura\" \/>\n\t<meta name=\"twitter:data1\" content=\"1 minuto\" \/>\n<script type=\"application\/ld+json\" class=\"yoast-schema-graph\">{\"@context\":\"https:\\\/\\\/schema.org\",\"@graph\":[{\"@type\":\"WebPage\",\"@id\":\"https:\\\/\\\/conchipcanarias.com\\\/?page_id=2\",\"url\":\"https:\\\/\\\/conchipcanarias.com\\\/?page_id=2\",\"name\":\"Servicios - Conchip Canarias S.L\",\"isPartOf\":{\"@id\":\"https:\\\/\\\/conchipcanarias.com\\\/#website\"},\"datePublished\":\"2016-07-21T03:34:15+00:00\",\"dateModified\":\"2025-08-28T12:30:39+00:00\",\"breadcrumb\":{\"@id\":\"https:\\\/\\\/conchipcanarias.com\\\/?page_id=2#breadcrumb\"},\"inLanguage\":\"es\",\"potentialAction\":[{\"@type\":\"ReadAction\",\"target\":[\"https:\\\/\\\/conchipcanarias.com\\\/?page_id=2\"]}]},{\"@type\":\"BreadcrumbList\",\"@id\":\"https:\\\/\\\/conchipcanarias.com\\\/?page_id=2#breadcrumb\",\"itemListElement\":[{\"@type\":\"ListItem\",\"position\":1,\"name\":\"Portada\",\"item\":\"https:\\\/\\\/conchipcanarias.com\\\/\"},{\"@type\":\"ListItem\",\"position\":2,\"name\":\"Servicios\"}]},{\"@type\":\"WebSite\",\"@id\":\"https:\\\/\\\/conchipcanarias.com\\\/#website\",\"url\":\"https:\\\/\\\/conchipcanarias.com\\\/\",\"name\":\"Conchip Canarias S.L\",\"description\":\"Cronometraje y organizaci&oacute;n de eventos deportivos\",\"publisher\":{\"@id\":\"https:\\\/\\\/conchipcanarias.com\\\/#organization\"},\"potentialAction\":[{\"@type\":\"SearchAction\",\"target\":{\"@type\":\"EntryPoint\",\"urlTemplate\":\"https:\\\/\\\/conchipcanarias.com\\\/?s={search_term_string}\"},\"query-input\":{\"@type\":\"PropertyValueSpecification\",\"valueRequired\":true,\"valueName\":\"search_term_string\"}}],\"inLanguage\":\"es\"},{\"@type\":\"Organization\",\"@id\":\"https:\\\/\\\/conchipcanarias.com\\\/#organization\",\"name\":\"Conchip Canarias S.L.\",\"url\":\"https:\\\/\\\/conchipcanarias.com\\\/\",\"logo\":{\"@type\":\"ImageObject\",\"inLanguage\":\"es\",\"@id\":\"https:\\\/\\\/conchipcanarias.com\\\/#\\\/schema\\\/logo\\\/image\\\/\",\"url\":\"http:\\\/\\\/conchipcanarias.com\\\/wp-content\\\/uploads\\\/2016\\\/07\\\/logo1.png\",\"contentUrl\":\"http:\\\/\\\/conchipcanarias.com\\\/wp-content\\\/uploads\\\/2016\\\/07\\\/logo1.png\",\"width\":255,\"height\":255,\"caption\":\"Conchip Canarias S.L.\"},\"image\":{\"@id\":\"https:\\\/\\\/conchipcanarias.com\\\/#\\\/schema\\\/logo\\\/image\\\/\"}}]}<\/script>\n<!-- \/ Yoast SEO plugin. -->","yoast_head_json":{"title":"Servicios - Conchip Canarias S.L","robots":{"index":"index","follow":"follow","max-snippet":"max-snippet:-1","max-image-preview":"max-image-preview:large","max-video-preview":"max-video-preview:-1"},"canonical":"https:\/\/conchipcanarias.com\/?page_id=2","og_locale":"es_ES","og_type":"article","og_title":"Servicios - Conchip Canarias S.L","og_description":"\u00bfQu\u00e9 es ConChip? La empresa Conchip es especialista en cronometrar eventos deportivos, entre ellos destacamos: Media Marat\u00f3n, Marat\u00f3n, Carreras Populares, Cross, Campo a Trav\u00e9s, Carreras de Monta\u00f1a, Acuatl\u00f3n, Duatl\u00f3n, Triatl\u00f3n, Marchas MTB,BTT Etc&#8230; Tecnolog\u00eda propia dise\u00f1ada por ConChip para dar respuesta, r\u00e1pida, fiable y eficaz, tanto al organizador como al deportista utilizando las tecnolog\u00edas m\u00e1s &hellip; Seguir leyendo","og_url":"https:\/\/conchipcanarias.com\/?page_id=2","og_site_name":"Conchip Canarias S.L","article_modified_time":"2025-08-28T12:30:39+00:00","twitter_card":"summary_large_image","twitter_misc":{"Tiempo de lectura":"1 minuto"},"schema":{"@context":"https:\/\/schema.org","@graph":[{"@type":"WebPage","@id":"https:\/\/conchipcanarias.com\/?page_id=2","url":"https:\/\/conchipcanarias.com\/?page_id=2","name":"Servicios - Conchip Canarias S.L","isPartOf":{"@id":"https:\/\/conchipcanarias.com\/#website"},"datePublished":"2016-07-21T03:34:15+00:00","dateModified":"2025-08-28T12:30:39+00:00","breadcrumb":{"@id":"https:\/\/conchipcanarias.com\/?page_id=2#breadcrumb"},"inLanguage":"es","potentialAction":[{"@type":"ReadAction","target":["https:\/\/conchipcanarias.com\/?page_id=2"]}]},{"@type":"BreadcrumbList","@id":"https:\/\/conchipcanarias.com\/?page_id=2#breadcrumb","itemListElement":[{"@type":"ListItem","position":1,"name":"Portada","item":"https:\/\/conchipcanarias.com\/"},{"@type":"ListItem","position":2,"name":"Servicios"}]},{"@type":"WebSite","@id":"https:\/\/conchipcanarias.com\/#website","url":"https:\/\/conchipcanarias.com\/","name":"Conchip Canarias S.L","description":"Cronometraje y organizaci&oacute;n de eventos deportivos","publisher":{"@id":"https:\/\/conchipcanarias.com\/#organization"},"potentialAction":[{"@type":"SearchAction","target":{"@type":"EntryPoint","urlTemplate":"https:\/\/conchipcanarias.com\/?s={search_term_string}"},"query-input":{"@type":"PropertyValueSpecification","valueRequired":true,"valueName":"search_term_string"}}],"inLanguage":"es"},{"@type":"Organization","@id":"https:\/\/conchipcanarias.com\/#organization","name":"Conchip Canarias S.L.","url":"https:\/\/conchipcanarias.com\/","logo":{"@type":"ImageObject","inLanguage":"es","@id":"https:\/\/conchipcanarias.com\/#\/schema\/logo\/image\/","url":"http:\/\/conchipcanarias.com\/wp-content\/uploads\/2016\/07\/logo1.png","contentUrl":"http:\/\/conchipcanarias.com\/wp-content\/uploads\/2016\/07\/logo1.png","width":255,"height":255,"caption":"Conchip Canarias S.L."},"image":{"@id":"https:\/\/conchipcanarias.com\/#\/schema\/logo\/image\/"}}]}},"_links":{"self":[{"href":"https:\/\/conchipcanarias.com\/index.php?rest_route=\/wp\/v2\/pages\/2","targetHints":{"allow":["GET"]}}],"collection":[{"href":"https:\/\/conchipcanarias.com\/index.php?rest_route=\/wp\/v2\/pages"}],"about":[{"href":"https:\/\/conchipcanarias.com\/index.php?rest_route=\/wp\/v2\/types\/page"}],"author":[{"embeddable":true,"href":"https:\/\/conchipcanarias.com\/index.php?rest_route=\/wp\/v2\/users\/1"}],"replies":[{"embeddable":true,"href":"https:\/\/conchipcanarias.com\/index.php?rest_route=%2Fwp%2Fv2%2Fcomments&post=2"}],"version-history":[{"count":33,"href":"https:\/\/conchipcanarias.com\/index.php?rest_route=\/wp\/v2\/pages\/2\/revisions"}],"predecessor-version":[{"id":639,"href":"https:\/\/conchipcanarias.com\/index.php?rest_route=\/wp\/v2\/pages\/2\/revisions\/639"}],"wp:attachment":[{"href":"https:\/\/conchipcanarias.com\/index.php?rest_route=%2Fwp%2Fv2%2Fmedia&parent=2"}],"curies":[{"name":"wp","href":"https:\/\/api.w.org\/{rel}","templated":true}]}}